{"id":110,"date":"2023-10-12T14:03:22","date_gmt":"2023-10-12T12:03:22","guid":{"rendered":"https:\/\/wordpress.bretiseniorsport.fr\/wpadh\/?page_id=110"},"modified":"2025-12-17T16:33:18","modified_gmt":"2025-12-17T15:33:18","slug":"identification","status":"publish","type":"page","link":"https:\/\/wordpress.bretiseniorsport.fr\/wpadh\/?page_id=110","title":{"rendered":"Identification"},"content":{"rendered":"\n<p class=\"has-text-align-center\">Bonjour<\/p>\n\n\n\n<p class=\"has-text-align-center\">cette page permet d&rsquo;acc\u00e9der \u00e0 des informations r\u00e9serv\u00e9es \u00e0 nos adh\u00e9rents<\/p>\n\n\n\n<p class=\"has-text-align-left\">Pour pouvoir continuer, merci de renseigner les champs ci-dessous :<\/p>\n\n\n<div class=\"swpm-login-widget-form\"><form id=\"swpm-login-form\" action=\"\" method=\"post\" name=\"swpm-login-form\">\n<div class=\"swpm-login-form-inner\">\n<div class=\"swpm-username-label\"><label class=\"swpm-label\" for=\"swpm_user_name\">N\u00b0 de licence<\/label><\/div>\n<div class=\"swpm-username-input\"><input id=\"swpm_user_name\" class=\"swpm-text-field swpm-username-field\" name=\"swpm_user_name\" size=\"25\" type=\"text\" value=\"\" \/><\/div>\n<div class=\"swpm-password-label\"><label class=\"swpm-label\" for=\"swpm_password\">Date de naissance (jj\/mm\/aaaa)<\/label><\/div>\n<div class=\"swpm-password-input\"><input id=\"swpm_password\" class=\"swpm-text-field swpm-password-field\" name=\"swpm_password\" size=\"25\" type=\"password\" value=\"\" \/><\/div>\n<div class=\"swpm-before-login-submit-section\">\u00a0<\/div>\n<div class=\"swpm-login-submit\"><input class=\"swpm-login-form-submit\" name=\"swpm-login\" type=\"submit\" value=\"Log In\" \/><\/div>\n<div class=\"swpm-login-action-msg\">\u00a0<\/div>\n<\/div>\n<\/form><\/div>\n\n\n<div class=\"wp-block-buttons is-content-justification-center is-layout-flex wp-container-core-buttons-is-layout-16018d1d wp-block-buttons-is-layout-flex\">\n<div class=\"wp-block-button\"><a class=\"wp-block-button__link has-neve-link-hover-color-color has-nv-text-dark-bg-background-color has-text-color has-background wp-element-button\" href=\"javascript:history.go(-1)\" style=\"border-top-left-radius:15px;border-top-right-radius:15px;border-bottom-left-radius:15px;border-bottom-right-radius:15px\">&lt;&#8212; Retour<\/a><\/div>\n<\/div>\n","protected":false},"excerpt":{"rendered":"<p>Bonjour cette page permet d&rsquo;acc\u00e9der \u00e0 des informations r\u00e9serv\u00e9es \u00e0 nos adh\u00e9rents Pour pouvoir continuer, merci de renseigner les champs ci-dessous : N\u00b0 de licence Date de naissance (jj\/mm\/aaaa) \u00a0 \u00a0<\/p>\n","protected":false},"author":1,"featured_media":0,"parent":0,"menu_order":0,"comment_status":"closed","ping_status":"closed","template":"","meta":{"neve_meta_sidebar":"","neve_meta_container":"","neve_meta_enable_content_width":"","neve_meta_content_width":0,"neve_meta_title_alignment":"","neve_meta_author_avatar":"","neve_post_elements_order":"","neve_meta_disable_header":"","neve_meta_disable_footer":"","neve_meta_disable_title":"","footnotes":""},"class_list":["post-110","page","type-page","status-publish","hentry"],"_links":{"self":[{"href":"https:\/\/wordpress.bretiseniorsport.fr\/wpadh\/index.php?rest_route=\/wp\/v2\/pages\/110","targetHints":{"allow":["GET"]}}],"collection":[{"href":"https:\/\/wordpress.bretiseniorsport.fr\/wpadh\/index.php?rest_route=\/wp\/v2\/pages"}],"about":[{"href":"https:\/\/wordpress.bretiseniorsport.fr\/wpadh\/index.php?rest_route=\/wp\/v2\/types\/page"}],"author":[{"embeddable":true,"href":"https:\/\/wordpress.bretiseniorsport.fr\/wpadh\/index.php?rest_route=\/wp\/v2\/users\/1"}],"replies":[{"embeddable":true,"href":"https:\/\/wordpress.bretiseniorsport.fr\/wpadh\/index.php?rest_route=%2Fwp%2Fv2%2Fcomments&post=110"}],"version-history":[{"count":8,"href":"https:\/\/wordpress.bretiseniorsport.fr\/wpadh\/index.php?rest_route=\/wp\/v2\/pages\/110\/revisions"}],"predecessor-version":[{"id":414,"href":"https:\/\/wordpress.bretiseniorsport.fr\/wpadh\/index.php?rest_route=\/wp\/v2\/pages\/110\/revisions\/414"}],"wp:attachment":[{"href":"https:\/\/wordpress.bretiseniorsport.fr\/wpadh\/index.php?rest_route=%2Fwp%2Fv2%2Fmedia&parent=110"}],"curies":[{"name":"wp","href":"https:\/\/api.w.org\/{rel}","templated":true}]}}