{"id":61,"date":"2023-10-03T17:26:39","date_gmt":"2023-10-03T15:26:39","guid":{"rendered":"https:\/\/wordpress.bretiseniorsport.fr\/wpadh\/?page_id=61"},"modified":"2023-10-05T14:11:31","modified_gmt":"2023-10-05T12:11:31","slug":"member-login","status":"publish","type":"page","link":"https:\/\/wordpress.bretiseniorsport.fr\/wpadh\/","title":{"rendered":"Member Login"},"content":{"rendered":"\n<p class=\"has-text-align-center\">Bonjour<\/p>\n\n\n\n<p class=\"has-text-align-center\">cette page permet d&rsquo;acc\u00e9der \u00e0 des informations r\u00e9serv\u00e9es \u00e0 nos adh\u00e9rents<\/p>\n\n\n\n<p class=\"has-text-align-left\">Pour pouvoir continuer, merci de saisir :<\/p>\n\n\n\n<ul class=\"wp-block-list\">\n<li>votre num\u00e9ro de licence dans la zone Username<\/li>\n\n\n\n<li>votre date de naissance (au format jj\/mm\/aaaa) dans la zone pasword<\/li>\n<\/ul>\n\n\n<div class=\"swpm-login-widget-form\">\n    <form id=\"swpm-login-form\" name=\"swpm-login-form\" method=\"post\" action=\"\">\n        <input type=\"hidden\" name=\"swpm_login_origination_flag\" value=\"1\" \/>\n        <div class=\"swpm-login-form-inner\">\n            <div class=\"swpm-username-label\">\n                <label for=\"swpm_user_name\" class=\"swpm-label\">Username or Email<\/label>\n            <\/div>\n            <div class=\"swpm-username-input\">\n                <input type=\"text\" class=\"swpm-text-field swpm-username-field\" id=\"swpm_user_name\" value=\"\" size=\"25\" name=\"swpm_user_name\" \/>\n            <\/div>\n            <div class=\"swpm-password-label\">\n                <label for=\"swpm_password\" class=\"swpm-label\">Mot de passe<\/label>\n            <\/div>\n            <div class=\"swpm-password-input\">                \n                <input type=\"password\" class=\"swpm-text-field swpm-password-field\" id=\"swpm_password\" value=\"\" size=\"25\" name=\"swpm_password\" \/>                \n            <\/div>\n                            <div class=\"swpm-password-input-visibility\">                                        \n                    <span class=\"swpm-password-toggle-checkbox\"><input type=\"checkbox\" name=\"swpm-password-toggle-checkbox\" id=\"swpm-password-toggle-checkbox\" data-state=\"password-hidden\" > <\/span>\n                    <label for=\"swpm-password-toggle-checkbox\" class=\"swpm-password-toggle-checkbox-label\">\n                        <span class=\"swpm-password-toggle-label\"> Show password<\/span>\n                    <\/label>\n                <\/div>\n                        <div class=\"swpm-remember-me\">\n                <span class=\"swpm-remember-checkbox\"><input type=\"checkbox\" name=\"rememberme\" id=\"swpm-rememberme\"><\/span>\n                <label for=\"swpm-rememberme\" class=\"swpm-rememberme-label\">\n                    <span class=\"swpm-rember-label\"> Se souvenir de moi<\/span>\n                <\/label>\n            <\/div>\n\n            <div class=\"swpm-before-login-submit-section\"><\/div>\n\n            <div class=\"swpm-login-submit\">\n                <input type=\"submit\" class=\"swpm-login-form-submit\" name=\"swpm-login\" value=\"Log In\"\/>\n            <\/div>\n            <div class=\"swpm-forgot-pass-link\">\n                <a id=\"forgot_pass\" class=\"swpm-login-form-pw-reset-link\"  href=\"https:\/\/wordpress.bretiseniorsport.fr\/wpadh\/?page_id=66\">Mot de passe oubli\u00e9<\/a>\n            <\/div>\n                        <div class=\"swpm-join-us-link\">\n                <a id=\"register\" class=\"swpm-login-form-register-link\" href=\"https:\/\/wordpress.bretiseniorsport.fr\/wpadh\/?page_id=41\">Nous Rejoindre<\/a>\n            <\/div>\n                        <div class=\"swpm-login-action-msg\">\n                <span class=\"swpm-login-widget-action-msg\"><\/span>\n            <\/div>\n        <\/div>\n    <\/form>\n\n    <\/div>\n","protected":false},"excerpt":{"rendered":"<p>Bonjour cette page permet d&rsquo;acc\u00e9der \u00e0 des informations r\u00e9serv\u00e9es \u00e0 nos adh\u00e9rents Pour pouvoir continuer, merci de saisir :<\/p>\n","protected":false},"author":1,"featured_media":0,"parent":0,"menu_order":0,"comment_status":"closed","ping_status":"closed","template":"","meta":{"neve_meta_sidebar":"","neve_meta_container":"","neve_meta_enable_content_width":"","neve_meta_content_width":0,"neve_meta_title_alignment":"","neve_meta_author_avatar":"","neve_post_elements_order":"","neve_meta_disable_header":"","neve_meta_disable_footer":"","neve_meta_disable_title":"","footnotes":""},"class_list":["post-61","page","type-page","status-publish","hentry"],"_links":{"self":[{"href":"https:\/\/wordpress.bretiseniorsport.fr\/wpadh\/index.php?rest_route=\/wp\/v2\/pages\/61","targetHints":{"allow":["GET"]}}],"collection":[{"href":"https:\/\/wordpress.bretiseniorsport.fr\/wpadh\/index.php?rest_route=\/wp\/v2\/pages"}],"about":[{"href":"https:\/\/wordpress.bretiseniorsport.fr\/wpadh\/index.php?rest_route=\/wp\/v2\/types\/page"}],"author":[{"embeddable":true,"href":"https:\/\/wordpress.bretiseniorsport.fr\/wpadh\/index.php?rest_route=\/wp\/v2\/users\/1"}],"replies":[{"embeddable":true,"href":"https:\/\/wordpress.bretiseniorsport.fr\/wpadh\/index.php?rest_route=%2Fwp%2Fv2%2Fcomments&post=61"}],"version-history":[{"count":6,"href":"https:\/\/wordpress.bretiseniorsport.fr\/wpadh\/index.php?rest_route=\/wp\/v2\/pages\/61\/revisions"}],"predecessor-version":[{"id":94,"href":"https:\/\/wordpress.bretiseniorsport.fr\/wpadh\/index.php?rest_route=\/wp\/v2\/pages\/61\/revisions\/94"}],"wp:attachment":[{"href":"https:\/\/wordpress.bretiseniorsport.fr\/wpadh\/index.php?rest_route=%2Fwp%2Fv2%2Fmedia&parent=61"}],"curies":[{"name":"wp","href":"https:\/\/api.w.org\/{rel}","templated":true}]}}